{"id":9,"date":"2016-12-12T09:51:40","date_gmt":"2016-12-12T07:51:40","guid":{"rendered":"http:\/\/www.teknoconvey.com\/blog\/?page_id=9"},"modified":"2016-12-12T20:47:01","modified_gmt":"2016-12-12T18:47:01","slug":"bize-ulasin","status":"publish","type":"page","link":"http:\/\/www.teknoconvey.com\/blog\/bize-ulasin\/","title":{"rendered":"Bize ula\u015f\u0131n"},"content":{"rendered":"<p>Bu, adres ve telefon numaras\u0131 gibi temel ileti\u015fim bilgilerinin oldu\u011fu bir sayfad\u0131r. Ayr\u0131ca bir ileti\u015fim formu eklemek i\u00e7in bir eklenti de deneyebilirsiniz.<\/p>\n","protected":false},"excerpt":{"rendered":"<p>Bu, adres ve telefon numaras\u0131 gibi temel ileti\u015fim bilgilerinin oldu\u011fu bir sayfad\u0131r. Ayr\u0131ca bir ileti\u015fim formu eklemek i\u00e7in bir eklenti de deneyebilirsiniz.<\/p>\n","protected":false},"author":1,"featured_media":0,"parent":0,"menu_order":0,"comment_status":"closed","ping_status":"closed","template":"","meta":[],"_links":{"self":[{"href":"http:\/\/www.teknoconvey.com\/blog\/wp-json\/wp\/v2\/pages\/9"}],"collection":[{"href":"http:\/\/www.teknoconvey.com\/blog\/wp-json\/wp\/v2\/pages"}],"about":[{"href":"http:\/\/www.teknoconvey.com\/blog\/wp-json\/wp\/v2\/types\/page"}],"author":[{"embeddable":true,"href":"http:\/\/www.teknoconvey.com\/blog\/wp-json\/wp\/v2\/users\/1"}],"replies":[{"embeddable":true,"href":"http:\/\/www.teknoconvey.com\/blog\/wp-json\/wp\/v2\/comments?post=9"}],"version-history":[{"count":1,"href":"http:\/\/www.teknoconvey.com\/blog\/wp-json\/wp\/v2\/pages\/9\/revisions"}],"predecessor-version":[{"id":17,"href":"http:\/\/www.teknoconvey.com\/blog\/wp-json\/wp\/v2\/pages\/9\/revisions\/17"}],"wp:attachment":[{"href":"http:\/\/www.teknoconvey.com\/blog\/wp-json\/wp\/v2\/media?parent=9"}],"curies":[{"name":"wp","href":"https:\/\/api.w.org\/{rel}","templated":true}]}}